{"id":8,"date":"2012-09-11T17:36:30","date_gmt":"2012-09-11T15:36:30","guid":{"rendered":"http:\/\/www.apartamentosurynieve.com\/?page_id=8"},"modified":"2023-11-28T20:01:41","modified_gmt":"2023-11-28T19:01:41","slug":"alquiler-apartamentos-sierra-nevada","status":"publish","type":"page","link":"https:\/\/www.apartamentosurynieve.com\/alquiler-apartamentos-sierra-nevada\/","title":{"rendered":"Alquiler de Apartamentos en Sierra Nevada"},"content":{"rendered":"<p style=\"text-align: justify;\">Apartamentos Surynieve le ofrece una gran variedad de <strong>alquiler de apartamentos en Sierra Nevada<\/strong>. Realice su reserva directamente con nosotros y podr\u00e1 beneficiarse del mejor precio garantizado con un<strong> 15% de descuento<\/strong> frente a otros portales vacacionales. Todos los apartamentos se encuentran perfectamente equipados y ubicados en la estaci\u00f3n de esqu\u00ed de Sierra Nevada. Contamos con apartamentos tipo estudio o m\u00e1s amplios con 1, 2 o 3 dormitorios. Ubicados en todas las zonas (alta, media y baja). Adem\u00e1s le ofrecemos la <strong>gesti\u00f3n en la compra de forfait, alquiler de equipaci\u00f3n y clases privadas de esqu\u00ed o snow, <\/strong>para que a su llegada a Sierra Nevada le entregemos en mano su forfait a la recogida de llaves y ya tenga contratados estos servicios evitando perder su valioso tiempo.<\/p>\n<p style=\"text-align: justify;\">Nuestra experiencia durante 12 a\u00f1os en Sierra Nevada nos avala. Conozca las opiniones de nuestros clientes:<\/p>\n<p style=\"text-align: center;\"><iframe style=\"width: 260px; height: 175px; border: 0px;\" src=\"https:\/\/www.avaibook.com\/widgets_propietarios\/opiniones.php?cod_propietario=14354&amp;subtipo=1&amp;color_texto=000000&amp;lang=es\" frameborder=\"0\">Tu navegador no soporta iframes<\/iframe><\/p>\n<div data-accommodations-filter=\"none\" data-show-accommodation-units=\"1\" data-widget-id=\"14354\" data-widget-token=\"i4PwHNlQNeQ+KL6FmPZTYg==\" data-background-color=\"#ffffff\" data-main-color=\"#1AB394\" data-border-radius=\"3px\" data-shadow=\"0 2px 20px rgb(0 0 0 \/ 16%)\" data-padding=\"1rem\" data-language=\"es\">Consulta disponibilidad y haz aqu\u00ed tu reserva online<\/div>\n<p><script type=\"text\/javascript\" src=\"https:\/\/bookonline.pro\/widgets\/search\/dist\/index.js\" defer=\"\"><\/script><\/p>\n<div class=\"avaibook-search-widget\" data-list-slug=\"apartamentos-sierra-nevada\" data-accommodations-filter=\"none\" data-show-areas=\"1\" data-target=\"_blank\" data-widget-id=\"14354\" data-widget-token=\"i4PwHNlQNeQ+KL6FmPZTYg==\" data-background-color=\"#FFFFFF\" data-main-color=\"#1AB394\" data-border-radius=\"3px\" data-shadow=\"0 2px 20px rgb(0 0 0 \/ 16%)\" data-padding=\"1rem\" data-language=\"es\">&nbsp;<\/div>\n<div data-list-slug=\"apartamentos-sierra-nevada\" data-accommodations-filter=\"none\" data-show-areas=\"1\" data-target=\"_blank\" data-widget-id=\"14354\" data-widget-token=\"i4PwHNlQNeQ+KL6FmPZTYg==\" data-background-color=\"#FFFFFF\" data-main-color=\"#1AB394\" data-border-radius=\"3px\" data-shadow=\"0 2px 20px rgb(0 0 0 \/ 16%)\" data-padding=\"1rem\" data-language=\"es\">&nbsp;<\/div>\n<p style=\"text-align: justify;\">La urbanizaci\u00f3n de la estaci\u00f3n de esqu\u00ed de Sierra Nevada se llama <strong>Pradollano<\/strong>. Dentro de la urbanizaci\u00f3n se distinguen <strong>tres zonas<\/strong>: zona baja (plaza de Andaluc\u00eda), zona media (hasta el cruce de la parte alta) y zona alta (por encima del cruce de la parte alta). Contamos con alquiler de apartamentos en todas las zonas de Sierra Nevada, haz <a href=\"https:\/\/surynieve.bookonline.pro\/es\/properties\/14354\/apartamentos-sierra-nevada?filter_zone=1\">clic aqu\u00ed<\/a> y consulta precios y disponibilidad.<\/p>\n<figure id=\"attachment_6852\" aria-describedby=\"caption-attachment-6852\" style=\"width: 575px\" class=\"wp-caption aligncenter\"><img decoding=\"async\" loading=\"lazy\" class=\"wp-image-6852 size-full\" title=\"zonas urbanizaci\u00f3n pradollano sierra nevada\" src=\"http:\/\/www.apartamentosurynieve.com\/wp-content\/uploads\/2019\/10\/plano-urbanizacion-zonas-low.jpg\" alt=\"alquiler de apartamentos en sierra nevada\" width=\"575\" height=\"332\" srcset=\"https:\/\/www.apartamentosurynieve.com\/wp-content\/uploads\/2019\/10\/plano-urbanizacion-zonas-low.jpg 575w, https:\/\/www.apartamentosurynieve.com\/wp-content\/uploads\/2019\/10\/plano-urbanizacion-zonas-low-300x173.jpg 300w\" sizes=\"(max-width: 575px) 100vw, 575px\" \/><figcaption id=\"caption-attachment-6852\" class=\"wp-caption-text\">Plano urbanizaci\u00f3n por zonas<\/figcaption><\/figure>\n<p style=\"text-align: justify;\">La <strong>zona media<\/strong> se encuentra m\u00e1s cerca de&nbsp;bares, restaurantes y tiendas del pueblo, mientras que <strong>zona alta<\/strong> al estar m\u00e1s alejado, es una zona m\u00e1s tranquila para disfrutar de la nieve, cerca de telesillas y&nbsp;m\u00e1s econ\u00f3mica. La <strong>zona baja<\/strong> es lo m\u00e1s c\u00e9ntrico de Sierra Nevada y con un precio m\u00e1s elevado.<\/p>\n<p style=\"text-align: justify;\">No obstante <strong>un telesilla recorre toda&nbsp;urbanizaci\u00f3n<\/strong> desde la zona baja hasta la zona alta, con parada en la zona intermedia, por lo que usted podr\u00e1 disfrutar de todas las comodidades sea cual sea su ubicaci\u00f3n. Adem\u00e1s la urbanizaci\u00f3n tambi\u00e9n cuenta con servicio de <strong>microbus urbano<\/strong>, que recorre la urbanizaci\u00f3n con distintas paradas.<\/p>\n<p style=\"text-align: justify;\">Sea cual sea su preferencia cons\u00faltenos por <a href=\"mailto:apartamentosurynieve@gmail.com\">mail<\/a> y le asesoraremos sobre lo que m\u00e1s le interese. Si lo desea puede contactarnos en el tel\u00e9fono +34 638 340 553.<\/p>\n<p><img decoding=\"async\" loading=\"lazy\" class=\"aligncenter wp-image-7808 size-large\" src=\"https:\/\/www.apartamentosurynieve.com\/wp-content\/uploads\/2022\/11\/cropped-logo-display2-2-1024x410.jpg\" alt=\"\" width=\"790\" height=\"316\" srcset=\"https:\/\/www.apartamentosurynieve.com\/wp-content\/uploads\/2022\/11\/cropped-logo-display2-2-1024x410.jpg 1024w, https:\/\/www.apartamentosurynieve.com\/wp-content\/uploads\/2022\/11\/cropped-logo-display2-2-300x120.jpg 300w, https:\/\/www.apartamentosurynieve.com\/wp-content\/uploads\/2022\/11\/cropped-logo-display2-2-768x308.jpg 768w, https:\/\/www.apartamentosurynieve.com\/wp-content\/uploads\/2022\/11\/cropped-logo-display2-2.jpg 1200w\" sizes=\"(max-width: 790px) 100vw, 790px\" \/><\/p>\n<p style=\"text-align: justify;\"><a href=\"http:\/\/www.apartamentosurynieve.com\/wp-content\/uploads\/2012\/09\/zona-baja.jpg\"><br \/>\n<\/a> &nbsp;<\/p>\n","protected":false},"excerpt":{"rendered":"<p>Apartamentos Surynieve le ofrece una gran variedad de alquiler de apartamentos en Sierra Nevada. Realice su reserva directamente con nosotros y podr\u00e1 beneficiarse del mejor precio garantizado con un 15% de descuento frente a otros portales vacacionales. Todos los apartamentos <a href=\"https:\/\/www.apartamentosurynieve.com\/alquiler-apartamentos-sierra-nevada\/\" class=\"more-link\">Read More<\/a><\/p>\n","protected":false},"author":1,"featured_media":0,"parent":0,"menu_order":1,"comment_status":"closed","ping_status":"open","template":"","meta":{"ngg_post_thumbnail":0},"yoast_head":"<!-- This site is optimized with the Yoast SEO plugin v19.11 - https:\/\/yoast.com\/wordpress\/plugins\/seo\/ -->\n<title>Alquiler de apartamentos en Sierra Nevada | Surynieve<\/title>\n<meta name=\"description\" content=\"Alquiler de apartamentos en Sierra Nevada en todas las zonas. Reserva Online. Cons\u00faltenos en +34 638 340 553 o apartamentosurynieve@gmail.com\" \/>\n<meta name=\"robots\" content=\"index, follow, max-snippet:-1, max-image-preview:large, max-video-preview:-1\" \/>\n<link rel=\"canonical\" href=\"https:\/\/www.apartamentosurynieve.com\/alquiler-apartamentos-sierra-nevada\/\" \/>\n<meta property=\"og:locale\" content=\"es_ES\" \/>\n<meta property=\"og:type\" content=\"article\" \/>\n<meta property=\"og:title\" content=\"Alquiler de apartamentos en Sierra Nevada | Surynieve\" \/>\n<meta property=\"og:description\" content=\"Alquiler de apartamentos en Sierra Nevada en todas las zonas. Reserva Online. Cons\u00faltenos en +34 638 340 553 o apartamentosurynieve@gmail.com\" \/>\n<meta property=\"og:url\" content=\"https:\/\/www.apartamentosurynieve.com\/alquiler-apartamentos-sierra-nevada\/\" \/>\n<meta property=\"og:site_name\" content=\"Apartamentos Surynieve\" \/>\n<meta property=\"article:publisher\" content=\"https:\/\/www.facebook.com\/apartamentos.surynieve.sierra.nevada\" \/>\n<meta property=\"article:modified_time\" content=\"2023-11-28T19:01:41+00:00\" \/>\n<meta property=\"og:image\" content=\"http:\/\/www.apartamentosurynieve.com\/wp-content\/uploads\/2019\/10\/plano-urbanizacion-zonas-low.jpg\" \/>\n<meta name=\"twitter:card\" content=\"summary_large_image\" \/>\n<meta name=\"twitter:site\" content=\"@surynieve\" \/>\n<meta name=\"twitter:label1\" content=\"Tiempo de lectura\" \/>\n\t<meta name=\"twitter:data1\" content=\"3 minutos\" \/>\n<script type=\"application\/ld+json\" class=\"yoast-schema-graph\">{\"@context\":\"https:\/\/schema.org\",\"@graph\":[{\"@type\":\"WebPage\",\"@id\":\"https:\/\/www.apartamentosurynieve.com\/alquiler-apartamentos-sierra-nevada\/\",\"url\":\"https:\/\/www.apartamentosurynieve.com\/alquiler-apartamentos-sierra-nevada\/\",\"name\":\"Alquiler de apartamentos en Sierra Nevada | Surynieve\",\"isPartOf\":{\"@id\":\"https:\/\/www.apartamentosurynieve.com\/alquiler-apartamentos-sierra-nevada\/#website\"},\"datePublished\":\"2012-09-11T15:36:30+00:00\",\"dateModified\":\"2023-11-28T19:01:41+00:00\",\"description\":\"Alquiler de apartamentos en Sierra Nevada en todas las zonas. Reserva Online. Cons\u00faltenos en +34 638 340 553 o apartamentosurynieve@gmail.com\",\"breadcrumb\":{\"@id\":\"https:\/\/www.apartamentosurynieve.com\/alquiler-apartamentos-sierra-nevada\/#breadcrumb\"},\"inLanguage\":\"es\",\"potentialAction\":[{\"@type\":\"ReadAction\",\"target\":[\"https:\/\/www.apartamentosurynieve.com\/alquiler-apartamentos-sierra-nevada\/\"]}]},{\"@type\":\"BreadcrumbList\",\"@id\":\"https:\/\/www.apartamentosurynieve.com\/alquiler-apartamentos-sierra-nevada\/#breadcrumb\",\"itemListElement\":[{\"@type\":\"ListItem\",\"position\":1,\"name\":\"VOLVER ATR\u00c1S\",\"item\":\"https:\/\/www.apartamentosurynieve.com\/alquiler-apartamentos-sierra-nevada\/\"},{\"@type\":\"ListItem\",\"position\":2,\"name\":\"Alquiler de Apartamentos en Sierra Nevada\"}]},{\"@type\":\"WebSite\",\"@id\":\"https:\/\/www.apartamentosurynieve.com\/alquiler-apartamentos-sierra-nevada\/#website\",\"url\":\"https:\/\/www.apartamentosurynieve.com\/alquiler-apartamentos-sierra-nevada\/\",\"name\":\"Apartamentos Surynieve\",\"description\":\"Tu agencia de alquiler de apartamentos en Sierra Nevada\",\"potentialAction\":[{\"@type\":\"SearchAction\",\"target\":{\"@type\":\"EntryPoint\",\"urlTemplate\":\"https:\/\/www.apartamentosurynieve.com\/alquiler-apartamentos-sierra-nevada\/?s={search_term_string}\"},\"query-input\":\"required name=search_term_string\"}],\"inLanguage\":\"es\"}]}<\/script>\n<!-- \/ Yoast SEO plugin. -->","yoast_head_json":{"title":"Alquiler de apartamentos en Sierra Nevada | Surynieve","description":"Alquiler de apartamentos en Sierra Nevada en todas las zonas. Reserva Online. Cons\u00faltenos en +34 638 340 553 o apartamentosurynieve@gmail.com","robots":{"index":"index","follow":"follow","max-snippet":"max-snippet:-1","max-image-preview":"max-image-preview:large","max-video-preview":"max-video-preview:-1"},"canonical":"https:\/\/www.apartamentosurynieve.com\/alquiler-apartamentos-sierra-nevada\/","og_locale":"es_ES","og_type":"article","og_title":"Alquiler de apartamentos en Sierra Nevada | Surynieve","og_description":"Alquiler de apartamentos en Sierra Nevada en todas las zonas. Reserva Online. Cons\u00faltenos en +34 638 340 553 o apartamentosurynieve@gmail.com","og_url":"https:\/\/www.apartamentosurynieve.com\/alquiler-apartamentos-sierra-nevada\/","og_site_name":"Apartamentos Surynieve","article_publisher":"https:\/\/www.facebook.com\/apartamentos.surynieve.sierra.nevada","article_modified_time":"2023-11-28T19:01:41+00:00","og_image":[{"url":"http:\/\/www.apartamentosurynieve.com\/wp-content\/uploads\/2019\/10\/plano-urbanizacion-zonas-low.jpg"}],"twitter_card":"summary_large_image","twitter_site":"@surynieve","twitter_misc":{"Tiempo de lectura":"3 minutos"},"schema":{"@context":"https:\/\/schema.org","@graph":[{"@type":"WebPage","@id":"https:\/\/www.apartamentosurynieve.com\/alquiler-apartamentos-sierra-nevada\/","url":"https:\/\/www.apartamentosurynieve.com\/alquiler-apartamentos-sierra-nevada\/","name":"Alquiler de apartamentos en Sierra Nevada | Surynieve","isPartOf":{"@id":"https:\/\/www.apartamentosurynieve.com\/alquiler-apartamentos-sierra-nevada\/#website"},"datePublished":"2012-09-11T15:36:30+00:00","dateModified":"2023-11-28T19:01:41+00:00","description":"Alquiler de apartamentos en Sierra Nevada en todas las zonas. Reserva Online. Cons\u00faltenos en +34 638 340 553 o apartamentosurynieve@gmail.com","breadcrumb":{"@id":"https:\/\/www.apartamentosurynieve.com\/alquiler-apartamentos-sierra-nevada\/#breadcrumb"},"inLanguage":"es","potentialAction":[{"@type":"ReadAction","target":["https:\/\/www.apartamentosurynieve.com\/alquiler-apartamentos-sierra-nevada\/"]}]},{"@type":"BreadcrumbList","@id":"https:\/\/www.apartamentosurynieve.com\/alquiler-apartamentos-sierra-nevada\/#breadcrumb","itemListElement":[{"@type":"ListItem","position":1,"name":"VOLVER ATR\u00c1S","item":"https:\/\/www.apartamentosurynieve.com\/alquiler-apartamentos-sierra-nevada\/"},{"@type":"ListItem","position":2,"name":"Alquiler de Apartamentos en Sierra Nevada"}]},{"@type":"WebSite","@id":"https:\/\/www.apartamentosurynieve.com\/alquiler-apartamentos-sierra-nevada\/#website","url":"https:\/\/www.apartamentosurynieve.com\/alquiler-apartamentos-sierra-nevada\/","name":"Apartamentos Surynieve","description":"Tu agencia de alquiler de apartamentos en Sierra Nevada","potentialAction":[{"@type":"SearchAction","target":{"@type":"EntryPoint","urlTemplate":"https:\/\/www.apartamentosurynieve.com\/alquiler-apartamentos-sierra-nevada\/?s={search_term_string}"},"query-input":"required name=search_term_string"}],"inLanguage":"es"}]}},"_links":{"self":[{"href":"https:\/\/www.apartamentosurynieve.com\/alquiler-apartamentos-sierra-nevada\/wp-json\/wp\/v2\/pages\/8"}],"collection":[{"href":"https:\/\/www.apartamentosurynieve.com\/alquiler-apartamentos-sierra-nevada\/wp-json\/wp\/v2\/pages"}],"about":[{"href":"https:\/\/www.apartamentosurynieve.com\/alquiler-apartamentos-sierra-nevada\/wp-json\/wp\/v2\/types\/page"}],"author":[{"embeddable":true,"href":"https:\/\/www.apartamentosurynieve.com\/alquiler-apartamentos-sierra-nevada\/wp-json\/wp\/v2\/users\/1"}],"replies":[{"embeddable":true,"href":"https:\/\/www.apartamentosurynieve.com\/alquiler-apartamentos-sierra-nevada\/wp-json\/wp\/v2\/comments?post=8"}],"version-history":[{"count":145,"href":"https:\/\/www.apartamentosurynieve.com\/alquiler-apartamentos-sierra-nevada\/wp-json\/wp\/v2\/pages\/8\/revisions"}],"predecessor-version":[{"id":8296,"href":"https:\/\/www.apartamentosurynieve.com\/alquiler-apartamentos-sierra-nevada\/wp-json\/wp\/v2\/pages\/8\/revisions\/8296"}],"wp:attachment":[{"href":"https:\/\/www.apartamentosurynieve.com\/alquiler-apartamentos-sierra-nevada\/wp-json\/wp\/v2\/media?parent=8"}],"curies":[{"name":"wp","href":"https:\/\/api.w.org\/{rel}","templated":true}]}}